{"id":8,"date":"2025-10-20T08:04:23","date_gmt":"2025-10-20T08:04:23","guid":{"rendered":"https:\/\/parthena-inventors.com\/?page_id=8"},"modified":"2025-11-27T08:44:38","modified_gmt":"2025-11-27T08:44:38","slug":"home","status":"publish","type":"page","link":"https:\/\/parthena-inventors.com\/fr\/","title":{"rendered":"Maison"},"content":{"rendered":"<div data-elementor-type=\"wp-page\" data-elementor-id=\"8\" class=\"elementor elementor-8\" data-elementor-post-type=\"page\">\n\t\t\t\t<div class=\"elementor-element elementor-element-e7db4b4 asg_herobg e-flex e-con-boxed e-con e-parent\" data-id=\"e7db4b4\" data-element_type=\"container\" data-settings=\"{&quot;background_background&quot;:&quot;classic&quot;}\">\n\t\t\t\t\t<div class=\"e-con-inner\">\n\t\t\t\t<div class=\"elementor-element elementor-element-a44fce2 elementor-widget__width-auto elementor-widget elementor-widget-image\" data-id=\"a44fce2\" data-element_type=\"widget\" data-widget_type=\"image.default\">\n\t\t\t\t\t\t\t\t\t\t\t\t\t\t\t<img fetchpriority=\"high\" decoding=\"async\" width=\"500\" height=\"140\" src=\"https:\/\/parthena-inventors.com\/wp-content\/uploads\/2025\/11\/PholderWhite.webp\" class=\"attachment-full size-full wp-image-771\" alt=\"\" srcset=\"https:\/\/parthena-inventors.com\/wp-content\/uploads\/2025\/11\/PholderWhite.webp 500w, https:\/\/parthena-inventors.com\/wp-content\/uploads\/2025\/11\/PholderWhite-300x84.webp 300w\" sizes=\"(max-width: 500px) 100vw, 500px\" \/>\t\t\t\t\t\t\t\t\t\t\t\t\t\t\t<\/div>\n\t\t\t\t<div class=\"elementor-element elementor-element-4d03ba1 elementor-widget__width-auto elementor-widget elementor-widget-heading\" data-id=\"4d03ba1\" data-element_type=\"widget\" data-widget_type=\"heading.default\">\n\t\t\t\t\t<span class=\"elementor-heading-title elementor-size-default\">support pour t\u00e9l\u00e9phone et tablette<\/span>\t\t\t\t<\/div>\n\t\t\t\t<div class=\"elementor-element elementor-element-58c755a elementor-widget__width-auto elementor-widget elementor-widget-heading\" data-id=\"58c755a\" data-element_type=\"widget\" data-widget_type=\"heading.default\">\n\t\t\t\t\t<span class=\"elementor-heading-title elementor-size-default\">Sur un bureau, fix\u00e9 au mur et dans la voiture<\/span>\t\t\t\t<\/div>\n\t\t\t\t<div class=\"elementor-element elementor-element-067727d elementor-hidden-mobile elementor-widget elementor-widget-spacer\" data-id=\"067727d\" data-element_type=\"widget\" data-widget_type=\"spacer.default\">\n\t\t\t\t\t\t\t<div class=\"elementor-spacer\">\n\t\t\t<div class=\"elementor-spacer-inner\"><\/div>\n\t\t<\/div>\n\t\t\t\t\t\t<\/div>\n\t\t\t\t<div class=\"elementor-element elementor-element-1e2bedd elementor-widget__width-initial elementor-widget-mobile__width-initial elementor-widget elementor-widget-text-editor\" data-id=\"1e2bedd\" data-element_type=\"widget\" data-widget_type=\"text-editor.default\">\n\t\t\t\t\t\t\t\t\t<p>Le support est en fer recouvert d'un rev\u00eatement \u00e9lectrostatique r\u00e9sistant aux rayures et isolant \u00e9lectrique. Un isolant \u00e9lectrique suppl\u00e9mentaire a \u00e9t\u00e9 ajout\u00e9 pour une double protection.<\/p>\t\t\t\t\t\t\t\t<\/div>\n\t\t\t\t<div class=\"elementor-element elementor-element-0a2fe3e elementor-widget elementor-widget-button\" data-id=\"0a2fe3e\" data-element_type=\"widget\" data-widget_type=\"button.default\">\n\t\t\t\t\t\t\t\t\t\t<a class=\"elementor-button elementor-button-link elementor-size-sm\" href=\"https:\/\/parthena-inventors.com\/fr\/videos\/\">\n\t\t\t\t\t\t<span class=\"elementor-button-content-wrapper\">\n\t\t\t\t\t\t\t\t\t<span class=\"elementor-button-text\">Regardez plus<\/span>\n\t\t\t\t\t<\/span>\n\t\t\t\t\t<\/a>\n\t\t\t\t\t\t\t\t<\/div>\n\t\t\t\t\t<\/div>\n\t\t\t\t<\/div>\n\t\t\t\t<\/div>","protected":false},"excerpt":{"rendered":"<p>Phone &amp; tablet holder On desk, wall mounted &amp; in the car The holder is made of iron metal coated with an electrostatic coating that is scratch-resistant and electrical insulator. An additional electrical insulator has been added for double protection. Watch more<\/p>","protected":false},"author":1,"featured_media":9,"parent":0,"menu_order":0,"comment_status":"closed","ping_status":"closed","template":"","meta":{"_acf_changed":false,"footnotes":""},"class_list":["post-8","page","type-page","status-publish","has-post-thumbnail","hentry"],"acf":[],"yoast_head":"<!-- This site is optimized with the Yoast SEO Premium plugin v26.4 (Yoast SEO v26.4) - https:\/\/yoast.com\/wordpress\/plugins\/seo\/ -->\n<title>Parthena Inventors<\/title>\n<meta name=\"robots\" content=\"index, follow, max-snippet:-1, max-image-preview:large, max-video-preview:-1\" \/>\n<link rel=\"canonical\" href=\"https:\/\/parthena-inventors.com\/fr\/\" \/>\n<meta property=\"og:locale\" content=\"fr_FR\" \/>\n<meta property=\"og:type\" content=\"article\" \/>\n<meta property=\"og:title\" content=\"Home\" \/>\n<meta property=\"og:description\" content=\"Phone &amp; tablet holder On desk, wall mounted &amp; in the car The holder is made of iron metal coated with an electrostatic coating that is scratch-resistant and electrical insulator. An additional electrical insulator has been added for double protection. Watch more\" \/>\n<meta property=\"og:url\" content=\"https:\/\/parthena-inventors.com\/fr\/\" \/>\n<meta property=\"og:site_name\" content=\"Parthena Inventors\" \/>\n<meta property=\"article:modified_time\" content=\"2025-11-27T08:44:38+00:00\" \/>\n<meta property=\"og:image\" content=\"https:\/\/parthena-inventors.com\/wp-content\/uploads\/2025\/10\/Parthena-Logo.webp\" \/>\n\t<meta property=\"og:image:width\" content=\"200\" \/>\n\t<meta property=\"og:image:height\" content=\"200\" \/>\n\t<meta property=\"og:image:type\" content=\"image\/webp\" \/>\n<meta name=\"twitter:card\" content=\"summary_large_image\" \/>\n<script type=\"application\/ld+json\" class=\"yoast-schema-graph\">{\"@context\":\"https:\/\/schema.org\",\"@graph\":[{\"@type\":\"WebPage\",\"@id\":\"https:\/\/parthena-inventors.com\/\",\"url\":\"https:\/\/parthena-inventors.com\/\",\"name\":\"Parthena Inventors\",\"isPartOf\":{\"@id\":\"https:\/\/parthena-inventors.com\/#website\"},\"primaryImageOfPage\":{\"@id\":\"https:\/\/parthena-inventors.com\/#primaryimage\"},\"image\":{\"@id\":\"https:\/\/parthena-inventors.com\/#primaryimage\"},\"thumbnailUrl\":\"https:\/\/parthena-inventors.com\/wp-content\/uploads\/2025\/10\/Parthena-Logo.webp\",\"datePublished\":\"2025-10-20T08:04:23+00:00\",\"dateModified\":\"2025-11-27T08:44:38+00:00\",\"breadcrumb\":{\"@id\":\"https:\/\/parthena-inventors.com\/#breadcrumb\"},\"inLanguage\":\"fr-FR\",\"potentialAction\":[{\"@type\":\"ReadAction\",\"target\":[\"https:\/\/parthena-inventors.com\/\"]}]},{\"@type\":\"ImageObject\",\"inLanguage\":\"fr-FR\",\"@id\":\"https:\/\/parthena-inventors.com\/#primaryimage\",\"url\":\"https:\/\/parthena-inventors.com\/wp-content\/uploads\/2025\/10\/Parthena-Logo.webp\",\"contentUrl\":\"https:\/\/parthena-inventors.com\/wp-content\/uploads\/2025\/10\/Parthena-Logo.webp\",\"width\":200,\"height\":200},{\"@type\":\"BreadcrumbList\",\"@id\":\"https:\/\/parthena-inventors.com\/#breadcrumb\",\"itemListElement\":[{\"@type\":\"ListItem\",\"position\":1,\"name\":\"Home\",\"item\":\"https:\/\/parthena-inventors.com\/\"},{\"@type\":\"ListItem\",\"position\":2,\"name\":\"Home\"}]},{\"@type\":\"WebSite\",\"@id\":\"https:\/\/parthena-inventors.com\/#website\",\"url\":\"https:\/\/parthena-inventors.com\/\",\"name\":\"Parthena Inventors\",\"description\":\"\",\"publisher\":{\"@id\":\"https:\/\/parthena-inventors.com\/#organization\"},\"potentialAction\":[{\"@type\":\"SearchAction\",\"target\":{\"@type\":\"EntryPoint\",\"urlTemplate\":\"https:\/\/parthena-inventors.com\/?s={search_term_string}\"},\"query-input\":{\"@type\":\"PropertyValueSpecification\",\"valueRequired\":true,\"valueName\":\"search_term_string\"}}],\"inLanguage\":\"fr-FR\"},{\"@type\":\"Organization\",\"@id\":\"https:\/\/parthena-inventors.com\/#organization\",\"name\":\"Parthena Inventors\",\"url\":\"https:\/\/parthena-inventors.com\/\",\"logo\":{\"@type\":\"ImageObject\",\"inLanguage\":\"fr-FR\",\"@id\":\"https:\/\/parthena-inventors.com\/#\/schema\/logo\/image\/\",\"url\":\"https:\/\/parthena-inventors.com\/wp-content\/uploads\/2025\/10\/PantheraLogoBG.webp\",\"contentUrl\":\"https:\/\/parthena-inventors.com\/wp-content\/uploads\/2025\/10\/PantheraLogoBG.webp\",\"width\":100,\"height\":100,\"caption\":\"Parthena Inventors\"},\"image\":{\"@id\":\"https:\/\/parthena-inventors.com\/#\/schema\/logo\/image\/\"}}]}<\/script>\n<!-- \/ Yoast SEO Premium plugin. -->","yoast_head_json":{"title":"Parthena Inventors","robots":{"index":"index","follow":"follow","max-snippet":"max-snippet:-1","max-image-preview":"max-image-preview:large","max-video-preview":"max-video-preview:-1"},"canonical":"https:\/\/parthena-inventors.com\/fr\/","og_locale":"fr_FR","og_type":"article","og_title":"Home","og_description":"Phone &amp; tablet holder On desk, wall mounted &amp; in the car The holder is made of iron metal coated with an electrostatic coating that is scratch-resistant and electrical insulator. An additional electrical insulator has been added for double protection. Watch more","og_url":"https:\/\/parthena-inventors.com\/fr\/","og_site_name":"Parthena Inventors","article_modified_time":"2025-11-27T08:44:38+00:00","og_image":[{"width":200,"height":200,"url":"https:\/\/parthena-inventors.com\/wp-content\/uploads\/2025\/10\/Parthena-Logo.webp","type":"image\/webp"}],"twitter_card":"summary_large_image","schema":{"@context":"https:\/\/schema.org","@graph":[{"@type":"WebPage","@id":"https:\/\/parthena-inventors.com\/","url":"https:\/\/parthena-inventors.com\/","name":"Parthena Inventors","isPartOf":{"@id":"https:\/\/parthena-inventors.com\/#website"},"primaryImageOfPage":{"@id":"https:\/\/parthena-inventors.com\/#primaryimage"},"image":{"@id":"https:\/\/parthena-inventors.com\/#primaryimage"},"thumbnailUrl":"https:\/\/parthena-inventors.com\/wp-content\/uploads\/2025\/10\/Parthena-Logo.webp","datePublished":"2025-10-20T08:04:23+00:00","dateModified":"2025-11-27T08:44:38+00:00","breadcrumb":{"@id":"https:\/\/parthena-inventors.com\/#breadcrumb"},"inLanguage":"fr-FR","potentialAction":[{"@type":"ReadAction","target":["https:\/\/parthena-inventors.com\/"]}]},{"@type":"ImageObject","inLanguage":"fr-FR","@id":"https:\/\/parthena-inventors.com\/#primaryimage","url":"https:\/\/parthena-inventors.com\/wp-content\/uploads\/2025\/10\/Parthena-Logo.webp","contentUrl":"https:\/\/parthena-inventors.com\/wp-content\/uploads\/2025\/10\/Parthena-Logo.webp","width":200,"height":200},{"@type":"BreadcrumbList","@id":"https:\/\/parthena-inventors.com\/#breadcrumb","itemListElement":[{"@type":"ListItem","position":1,"name":"Home","item":"https:\/\/parthena-inventors.com\/"},{"@type":"ListItem","position":2,"name":"Home"}]},{"@type":"WebSite","@id":"https:\/\/parthena-inventors.com\/#website","url":"https:\/\/parthena-inventors.com\/","name":"Parthena Inventors","description":"","publisher":{"@id":"https:\/\/parthena-inventors.com\/#organization"},"potentialAction":[{"@type":"SearchAction","target":{"@type":"EntryPoint","urlTemplate":"https:\/\/parthena-inventors.com\/?s={search_term_string}"},"query-input":{"@type":"PropertyValueSpecification","valueRequired":true,"valueName":"search_term_string"}}],"inLanguage":"fr-FR"},{"@type":"Organization","@id":"https:\/\/parthena-inventors.com\/#organization","name":"Parthena Inventors","url":"https:\/\/parthena-inventors.com\/","logo":{"@type":"ImageObject","inLanguage":"fr-FR","@id":"https:\/\/parthena-inventors.com\/#\/schema\/logo\/image\/","url":"https:\/\/parthena-inventors.com\/wp-content\/uploads\/2025\/10\/PantheraLogoBG.webp","contentUrl":"https:\/\/parthena-inventors.com\/wp-content\/uploads\/2025\/10\/PantheraLogoBG.webp","width":100,"height":100,"caption":"Parthena Inventors"},"image":{"@id":"https:\/\/parthena-inventors.com\/#\/schema\/logo\/image\/"}}]}},"_links":{"self":[{"href":"https:\/\/parthena-inventors.com\/fr\/wp-json\/wp\/v2\/pages\/8","targetHints":{"allow":["GET"]}}],"collection":[{"href":"https:\/\/parthena-inventors.com\/fr\/wp-json\/wp\/v2\/pages"}],"about":[{"href":"https:\/\/parthena-inventors.com\/fr\/wp-json\/wp\/v2\/types\/page"}],"author":[{"embeddable":true,"href":"https:\/\/parthena-inventors.com\/fr\/wp-json\/wp\/v2\/users\/1"}],"replies":[{"embeddable":true,"href":"https:\/\/parthena-inventors.com\/fr\/wp-json\/wp\/v2\/comments?post=8"}],"version-history":[{"count":332,"href":"https:\/\/parthena-inventors.com\/fr\/wp-json\/wp\/v2\/pages\/8\/revisions"}],"predecessor-version":[{"id":1450,"href":"https:\/\/parthena-inventors.com\/fr\/wp-json\/wp\/v2\/pages\/8\/revisions\/1450"}],"wp:featuredmedia":[{"embeddable":true,"href":"https:\/\/parthena-inventors.com\/fr\/wp-json\/wp\/v2\/media\/9"}],"wp:attachment":[{"href":"https:\/\/parthena-inventors.com\/fr\/wp-json\/wp\/v2\/media?parent=8"}],"curies":[{"name":"wp","href":"https:\/\/api.w.org\/{rel}","templated":true}]}}